{"id":16,"date":"2019-10-12T12:50:11","date_gmt":"2019-10-12T12:50:11","guid":{"rendered":"http:\/\/staging.closduhaslach.com\/?page_id=16"},"modified":"2026-01-07T17:42:15","modified_gmt":"2026-01-07T17:42:15","slug":"lentre-vue","status":"publish","type":"page","link":"https:\/\/closduhaslach.com\/?page_id=16","title":{"rendered":"L&rsquo;Entre-Vue"},"content":{"rendered":"\n<div style=\"height:51px\" aria-hidden=\"true\" class=\"wp-block-spacer\"><\/div>\n\n\n\n<figure class=\"wp-block-image aligncenter size-large is-style-circle-mask\"><img decoding=\"async\" loading=\"lazy\" width=\"1024\" height=\"683\" src=\"https:\/\/closduhaslach.com\/wp-content\/uploads\/2020\/10\/EC788058-3DBF-4D19-8B98-BA70D82069F5-1024x683.jpeg\" alt=\"\" class=\"wp-image-514\" srcset=\"https:\/\/closduhaslach.com\/wp-content\/uploads\/2020\/10\/EC788058-3DBF-4D19-8B98-BA70D82069F5-1024x683.jpeg 1024w, https:\/\/closduhaslach.com\/wp-content\/uploads\/2020\/10\/EC788058-3DBF-4D19-8B98-BA70D82069F5-300x200.jpeg 300w, https:\/\/closduhaslach.com\/wp-content\/uploads\/2020\/10\/EC788058-3DBF-4D19-8B98-BA70D82069F5-768x512.jpeg 768w, https:\/\/closduhaslach.com\/wp-content\/uploads\/2020\/10\/EC788058-3DBF-4D19-8B98-BA70D82069F5-1536x1024.jpeg 1536w, https:\/\/closduhaslach.com\/wp-content\/uploads\/2020\/10\/EC788058-3DBF-4D19-8B98-BA70D82069F5-2048x1365.jpeg 2048w\" sizes=\"(max-width: 1024px) 100vw, 1024px\" \/><\/figure>\n\n\n\n<figure class=\"wp-block-gallery has-nested-images columns-default is-cropped alignwide wp-block-gallery-1 is-layout-flex wp-block-gallery-is-layout-flex\">\n<figure class=\"wp-block-image\"><a href=\"https:\/\/closduhaslach.com\/wp-content\/uploads\/2019\/11\/terrasse_entrevue1.jpg\"><img decoding=\"async\" loading=\"lazy\" width=\"1024\" height=\"683\" data-id=\"41\" src=\"https:\/\/closduhaslach.com\/wp-content\/uploads\/2019\/11\/terrasse_entrevue1-1024x683.jpg\" alt=\"\" class=\"wp-image-41\" srcset=\"https:\/\/closduhaslach.com\/wp-content\/uploads\/2019\/11\/terrasse_entrevue1-1024x683.jpg 1024w, https:\/\/closduhaslach.com\/wp-content\/uploads\/2019\/11\/terrasse_entrevue1-300x200.jpg 300w, https:\/\/closduhaslach.com\/wp-content\/uploads\/2019\/11\/terrasse_entrevue1-768x512.jpg 768w, https:\/\/closduhaslach.com\/wp-content\/uploads\/2019\/11\/terrasse_entrevue1-1568x1045.jpg 1568w\" sizes=\"(max-width: 1024px) 100vw, 1024px\" \/><\/a><\/figure>\n\n\n\n<figure class=\"wp-block-image\"><a href=\"https:\/\/closduhaslach.com\/wp-content\/uploads\/2019\/11\/sdb_entrevue1.jpg\"><img decoding=\"async\" loading=\"lazy\" width=\"1024\" height=\"683\" data-id=\"42\" src=\"https:\/\/closduhaslach.com\/wp-content\/uploads\/2019\/11\/sdb_entrevue1-1024x683.jpg\" alt=\"\" class=\"wp-image-42\" srcset=\"https:\/\/closduhaslach.com\/wp-content\/uploads\/2019\/11\/sdb_entrevue1-1024x683.jpg 1024w, https:\/\/closduhaslach.com\/wp-content\/uploads\/2019\/11\/sdb_entrevue1-300x200.jpg 300w, https:\/\/closduhaslach.com\/wp-content\/uploads\/2019\/11\/sdb_entrevue1-768x512.jpg 768w, https:\/\/closduhaslach.com\/wp-content\/uploads\/2019\/11\/sdb_entrevue1-1568x1045.jpg 1568w\" sizes=\"(max-width: 1024px) 100vw, 1024px\" \/><\/a><\/figure>\n\n\n\n<figure class=\"wp-block-image\"><a href=\"https:\/\/closduhaslach.com\/wp-content\/uploads\/2019\/11\/sdb_entrevue.jpg\"><img decoding=\"async\" loading=\"lazy\" width=\"1024\" height=\"683\" data-id=\"43\" src=\"https:\/\/closduhaslach.com\/wp-content\/uploads\/2019\/11\/sdb_entrevue-1024x683.jpg\" alt=\"\" class=\"wp-image-43\" srcset=\"https:\/\/closduhaslach.com\/wp-content\/uploads\/2019\/11\/sdb_entrevue-1024x683.jpg 1024w, https:\/\/closduhaslach.com\/wp-content\/uploads\/2019\/11\/sdb_entrevue-300x200.jpg 300w, https:\/\/closduhaslach.com\/wp-content\/uploads\/2019\/11\/sdb_entrevue-768x512.jpg 768w, https:\/\/closduhaslach.com\/wp-content\/uploads\/2019\/11\/sdb_entrevue-1568x1045.jpg 1568w\" sizes=\"(max-width: 1024px) 100vw, 1024px\" \/><\/a><\/figure>\n\n\n\n<figure class=\"wp-block-image\"><a href=\"https:\/\/closduhaslach.com\/wp-content\/uploads\/2019\/11\/salon_entrevue2.jpg\"><img decoding=\"async\" loading=\"lazy\" width=\"1024\" height=\"683\" data-id=\"44\" src=\"https:\/\/closduhaslach.com\/wp-content\/uploads\/2019\/11\/salon_entrevue2-1024x683.jpg\" alt=\"\" class=\"wp-image-44\" srcset=\"https:\/\/closduhaslach.com\/wp-content\/uploads\/2019\/11\/salon_entrevue2-1024x683.jpg 1024w, https:\/\/closduhaslach.com\/wp-content\/uploads\/2019\/11\/salon_entrevue2-300x200.jpg 300w, https:\/\/closduhaslach.com\/wp-content\/uploads\/2019\/11\/salon_entrevue2-768x512.jpg 768w, https:\/\/closduhaslach.com\/wp-content\/uploads\/2019\/11\/salon_entrevue2-1568x1045.jpg 1568w\" sizes=\"(max-width: 1024px) 100vw, 1024px\" \/><\/a><\/figure>\n\n\n\n<figure class=\"wp-block-image\"><a href=\"https:\/\/closduhaslach.com\/wp-content\/uploads\/2019\/11\/salon_entrevue1.jpg\"><img decoding=\"async\" loading=\"lazy\" width=\"479\" height=\"639\" data-id=\"45\" src=\"https:\/\/closduhaslach.com\/wp-content\/uploads\/2019\/11\/salon_entrevue1.jpg\" alt=\"\" class=\"wp-image-45\" srcset=\"https:\/\/closduhaslach.com\/wp-content\/uploads\/2019\/11\/salon_entrevue1.jpg 479w, https:\/\/closduhaslach.com\/wp-content\/uploads\/2019\/11\/salon_entrevue1-225x300.jpg 225w\" sizes=\"(max-width: 479px) 100vw, 479px\" \/><\/a><\/figure>\n\n\n\n<figure class=\"wp-block-image\"><a href=\"https:\/\/closduhaslach.com\/wp-content\/uploads\/2019\/11\/salon_entrevue.jpg\"><img decoding=\"async\" loading=\"lazy\" width=\"1024\" height=\"683\" data-id=\"46\" src=\"https:\/\/closduhaslach.com\/wp-content\/uploads\/2019\/11\/salon_entrevue-1024x683.jpg\" alt=\"\" class=\"wp-image-46\" srcset=\"https:\/\/closduhaslach.com\/wp-content\/uploads\/2019\/11\/salon_entrevue-1024x683.jpg 1024w, https:\/\/closduhaslach.com\/wp-content\/uploads\/2019\/11\/salon_entrevue-300x200.jpg 300w, https:\/\/closduhaslach.com\/wp-content\/uploads\/2019\/11\/salon_entrevue-768x512.jpg 768w, https:\/\/closduhaslach.com\/wp-content\/uploads\/2019\/11\/salon_entrevue-1568x1045.jpg 1568w\" sizes=\"(max-width: 1024px) 100vw, 1024px\" \/><\/a><\/figure>\n\n\n\n<figure class=\"wp-block-image\"><a href=\"https:\/\/closduhaslach.com\/wp-content\/uploads\/2020\/06\/8F2856A8-9C6E-46F6-AAA9-F29AEFAEEA25.jpeg\"><img decoding=\"async\" loading=\"lazy\" width=\"1024\" height=\"768\" data-id=\"354\" src=\"https:\/\/closduhaslach.com\/wp-content\/uploads\/2020\/06\/8F2856A8-9C6E-46F6-AAA9-F29AEFAEEA25-1024x768.jpeg\" alt=\"\" class=\"wp-image-354\" srcset=\"https:\/\/closduhaslach.com\/wp-content\/uploads\/2020\/06\/8F2856A8-9C6E-46F6-AAA9-F29AEFAEEA25-1024x768.jpeg 1024w, https:\/\/closduhaslach.com\/wp-content\/uploads\/2020\/06\/8F2856A8-9C6E-46F6-AAA9-F29AEFAEEA25-300x225.jpeg 300w, https:\/\/closduhaslach.com\/wp-content\/uploads\/2020\/06\/8F2856A8-9C6E-46F6-AAA9-F29AEFAEEA25-768x576.jpeg 768w, https:\/\/closduhaslach.com\/wp-content\/uploads\/2020\/06\/8F2856A8-9C6E-46F6-AAA9-F29AEFAEEA25.jpeg 1040w\" sizes=\"(max-width: 1024px) 100vw, 1024px\" \/><\/a><\/figure>\n\n\n\n<figure class=\"wp-block-image\"><a href=\"https:\/\/closduhaslach.com\/wp-content\/uploads\/2019\/12\/1F30CD95-57EF-412D-BB85-03E36BBC4DF8-scaled.jpeg\"><img decoding=\"async\" loading=\"lazy\" width=\"1024\" height=\"683\" data-id=\"247\" src=\"https:\/\/closduhaslach.com\/wp-content\/uploads\/2019\/12\/1F30CD95-57EF-412D-BB85-03E36BBC4DF8-1024x683.jpeg\" alt=\"\" class=\"wp-image-247\" srcset=\"https:\/\/closduhaslach.com\/wp-content\/uploads\/2019\/12\/1F30CD95-57EF-412D-BB85-03E36BBC4DF8-1024x683.jpeg 1024w, https:\/\/closduhaslach.com\/wp-content\/uploads\/2019\/12\/1F30CD95-57EF-412D-BB85-03E36BBC4DF8-300x200.jpeg 300w, https:\/\/closduhaslach.com\/wp-content\/uploads\/2019\/12\/1F30CD95-57EF-412D-BB85-03E36BBC4DF8-768x512.jpeg 768w, https:\/\/closduhaslach.com\/wp-content\/uploads\/2019\/12\/1F30CD95-57EF-412D-BB85-03E36BBC4DF8-1536x1024.jpeg 1536w, https:\/\/closduhaslach.com\/wp-content\/uploads\/2019\/12\/1F30CD95-57EF-412D-BB85-03E36BBC4DF8-2048x1365.jpeg 2048w\" sizes=\"(max-width: 1024px) 100vw, 1024px\" \/><\/a><\/figure>\n\n\n\n<figure class=\"wp-block-image\"><a href=\"https:\/\/closduhaslach.com\/wp-content\/uploads\/2020\/10\/F8C1C35B-96CE-4C82-B69D-44CEF0002D10-1-scaled.jpeg\"><img decoding=\"async\" loading=\"lazy\" width=\"1024\" height=\"683\" data-id=\"515\" src=\"https:\/\/closduhaslach.com\/wp-content\/uploads\/2020\/10\/F8C1C35B-96CE-4C82-B69D-44CEF0002D10-1-1024x683.jpeg\" alt=\"\" class=\"wp-image-515\" srcset=\"https:\/\/closduhaslach.com\/wp-content\/uploads\/2020\/10\/F8C1C35B-96CE-4C82-B69D-44CEF0002D10-1-1024x683.jpeg 1024w, https:\/\/closduhaslach.com\/wp-content\/uploads\/2020\/10\/F8C1C35B-96CE-4C82-B69D-44CEF0002D10-1-300x200.jpeg 300w, https:\/\/closduhaslach.com\/wp-content\/uploads\/2020\/10\/F8C1C35B-96CE-4C82-B69D-44CEF0002D10-1-768x512.jpeg 768w, https:\/\/closduhaslach.com\/wp-content\/uploads\/2020\/10\/F8C1C35B-96CE-4C82-B69D-44CEF0002D10-1-1536x1024.jpeg 1536w, https:\/\/closduhaslach.com\/wp-content\/uploads\/2020\/10\/F8C1C35B-96CE-4C82-B69D-44CEF0002D10-1-2048x1365.jpeg 2048w\" sizes=\"(max-width: 1024px) 100vw, 1024px\" \/><\/a><\/figure>\n<\/figure>\n\n\n\n<div class=\"wp-block-columns is-not-stacked-on-mobile has-2-columns is-layout-flex wp-container-4 wp-block-columns-is-layout-flex\">\n<div class=\"wp-block-column is-layout-flow wp-block-column-is-layout-flow\">\n<h2 class=\"wp-block-heading\"><i class=\"fa fa-home\"><\/i> Un Cocon sur Deux \u00c9tages<\/h2>\n\n\n\n<p>L&rsquo;Entre-Vue est un charmant duplex ind\u00e9pendant de 50m2, pouvant accueillir jusqu&rsquo;\u00e0 6 personnes. Id\u00e9al pour une petite famille ou un couple souhaitant un espace bien agenc\u00e9 et confortable, avec sa propre terrasse et son coin jardin. <\/p>\n\n\n\n<p>Au Rez-de-Chauss\u00e9e :<\/p>\n\n\n\n<ul>\n<li><strong>Accueil et Convivialit\u00e9<\/strong>&nbsp;: Vous disposez d&rsquo;une entr\u00e9e ind\u00e9pendante. La pi\u00e8ce \u00e0 vivre regroupe une cuisine \u00e9quip\u00e9e (frigo, four, micro-ondes, machine expresso Malongo, cafeti\u00e8re filtre, bouilloire, grille-pain, lave-vaisselle) et un coin repas.<\/li>\n\n\n\n<li>&nbsp;<strong>D\u00e9tente<\/strong>&nbsp;: Un petit salon accueillant avec un canap\u00e9 convertible (2 places suppl\u00e9mentaires), TV, Wi-Fi, jeux et documentation.<\/li>\n\n\n\n<li>&nbsp;<strong>Pratique<\/strong>&nbsp;: Une salle d\u2019eau compl\u00e8te (douche, lavabo, WC) et une buanderie bien \u00e9quip\u00e9e (lave-linge, tour s\u00e8che-linge, mat\u00e9riel de repassage et de nettoyage).<\/li>\n<\/ul>\n\n\n\n<p>\u00c0 l&rsquo;\u00c9tage, les Chambres &nbsp;:<\/p>\n\n\n\n<ul>\n<li>Chambre Principale : 1 grand lit double (160), avec armoire, fauteuils et bureau.<\/li>\n\n\n\n<li>Chambre Enfants\/Amis : 3 lits simples, avec armoire et fauteuils.<\/li>\n<\/ul>\n\n\n\n<p>Le Petit Plus :<\/p>\n\n\n\n<ul>\n<li>&nbsp;<strong>Ext\u00e9rieur<\/strong>&nbsp;: Profitez de votre terrasse priv\u00e9e avec salon de jardin et barbecue.<\/li>\n\n\n\n<li>Pratique : Chauffage \u00e9lectrique, lit b\u00e9b\u00e9 pliant sur demande.<\/li>\n\n\n\n<li>Parking gratuit juste devant le g\u00eete.<\/li>\n<\/ul>\n\n\n\n<p>Que vous veniez en petit comit\u00e9 ou en grande tribu, nous avons h\u00e2te de vous faire d\u00e9couvrir le charme de notre belle r\u00e9gion. R\u00e9servez votre s\u00e9jour au Clos du Haslach !<\/p>\n<\/div>\n<\/div>\n\n\n\n<div class=\"wp-block-columns is-layout-flex wp-container-7 wp-block-columns-is-layout-flex\">\n<div class=\"wp-block-column is-layout-flow wp-block-column-is-layout-flow\">\n<h2 class=\"wp-block-heading\"><i class=\"fas fa-money-check\"><\/i>\nTarifs<\/h2>\n\n\n\n<p>Par nuit\u00e9 et selon le nombre de personnes :<\/p>\n\n\n\n<figure class=\"wp-block-table\"><table><tbody><tr><td><br><\/td><td>Basse Saison<\/td><td>Haute Saison<\/td><\/tr><tr><td>Nuit Semaine<\/td><td>48<\/td><td>66<\/td><\/tr><tr><td>Nuit Week-End<\/td><td>65<\/td><td>83<\/td><\/tr><\/tbody><\/table><figcaption class=\"wp-element-caption\"><strong>Tarifs sur la base de 4 personnes<\/strong><\/figcaption><\/figure>\n\n\n\n<p>Pour la saison \u00ab\u00a0march\u00e9s de No\u00ebl\u00a0\u00bb (novembre et d\u00e9cembre) : nous consulter.<\/p>\n\n\n\n<p>Location 2 nuits minimum (sauf P\u00e2ques, No\u00ebl, Nouvel An, mois d&rsquo;ao\u00fbt  : nous consulter)<\/p>\n<\/div>\n\n\n\n<div class=\"wp-block-column is-layout-flow wp-block-column-is-layout-flow\">\n<div style=\"height:66px\" aria-hidden=\"true\" class=\"wp-block-spacer\"><\/div>\n\n\n\n<p>M\u00e9nage final 40\u20ac en plus.<\/p>\n\n\n\n<p>Compris dans le tarif : eau, \u00e9lectricit\u00e9, chauffage, linge de lit, serviettes de toilette, torchons, produits de premi\u00e8res n\u00e9cessit\u00e9s. Non compris dans le tarif : taxe de s\u00e9jour (0,83 \u20ac\/adulte\/nuit)<\/p>\n\n\n\n<ul>\n<li>&nbsp;R\u00e9duction 10 % sur s\u00e9jour de 7 nuits cons\u00e9cutives.<\/li>\n\n\n\n<li>&nbsp;Ch\u00e8ques vacances accept\u00e9s.<\/li>\n\n\n\n<li>&nbsp;Animaux accept\u00e9s apr\u00e8s accord et avec un suppl\u00e9ment de 20\u20ac\/s\u00e9jour.<\/li>\n<\/ul>\n\n\n\n<p>CALENDRIER DES DISPONIBILITES en bas de page \u2193<\/p>\n<\/div>\n<\/div>\n\n\n\n<div class=\"wp-block-columns is-not-stacked-on-mobile has-2-columns is-layout-flex wp-container-9 wp-block-columns-is-layout-flex\">\n<div class=\"wp-block-column is-layout-flow wp-block-column-is-layout-flow\">\n<h2 class=\"wp-block-heading\"><i class=\"fas fa-map-signs\"><\/i>\nEnvirons<\/h2>\n\n\n\n<p>Le g\u00eete est situ\u00e9 \u00e0 Niederhaslach, paisible village au pied des Vosges et \u00e0 seulement 35 km de Strasbourg. Prairies, vergers et for\u00eats sont accessibles \u00e0 pied au d\u00e9part du g\u00eete.<\/p>\n\n\n\n<p>Egalement de nombreux sites touristiques sont accessibles tr\u00e8s facilement en voiture (voie rapide \u00e0 5 mn puis autoroute \u00e0 12mn).<\/p>\n\n\n\n<p>Boulangerie, sup\u00e9rette et pharmacie dans le village Magnifique vue et calme assur\u00e9 !<\/p>\n\n\n\n<p>Villes et villages alsaciens (Obernai, Strasbourg, Colmar), route des vins, pistes de ski du \u00ab Champ du Feu \u00bb, ch\u00e2teaux, Europapark \u00e0 1h.<\/p>\n<\/div>\n<\/div>\n\n\n\n<div style=\"height:100px\" aria-hidden=\"true\" class=\"wp-block-spacer\"><\/div>\n\n\n\n<hr class=\"wp-block-separator has-css-opacity\"\/>\n\n\n\n<div class=\"wp-block-columns are-vertically-aligned-center has-3-columns is-layout-flex wp-container-13 wp-block-columns-is-layout-flex\">\n<div class=\"wp-block-column is-vertically-aligned-center is-layout-flow wp-block-column-is-layout-flow\">\n<p class=\"has-text-align-center has-medium-font-size\"><i class=\"fas fa-calendar-check\"><\/i> <strong>R\u00e9server directement le g\u00eete L&rsquo;Entre-Vue aupr\u00e8s de Claire &amp; Jonathan Scherrer :<\/strong> <\/p>\n\n\n\n<p class=\"has-text-align-center has-medium-font-size\"> Claire et Jonathan SCHERRER \u2013 Clos du Haslach<br><i class=\"fas fa-map-marker-alt\"><\/i>&nbsp;13 Rue du B\u00e2tonnier Baumann 67280 Niederhaslach<br><i class=\"fas fa-phone\"><\/i>&nbsp;06 71 23 39 63<br>\n<i class=\"fas fa-at\"><\/i> contact@closduhaslach.com<\/p>\n\n\n\n<p><\/p>\n<\/div>\n\n\n\n<div class=\"wp-block-column is-vertically-aligned-center is-layout-flow wp-block-column-is-layout-flow\">\n<p class=\"has-text-align-center has-huge-font-size\">&#8211; OU &#8211;<\/p>\n<\/div>\n\n\n\n<div class=\"wp-block-column is-vertically-aligned-center is-layout-flow wp-block-column-is-layout-flow\">\n<div class=\"wp-block-button aligncenter\"><a class=\"wp-block-button__link\" href=\"https:\/\/www.airbnb.fr\/rooms\/11300658?source_impression_id=p3_1573487843_jvsQowYNmuglZbuc\" target=\"_blank\" rel=\"noopener noreferrer\"><i class=\"fas fa-external-link-alt\"><\/i>\nR\u00e9server sur AirBnb<\/a><\/div>\n<\/div>\n<\/div>\n\n\n\n<hr class=\"wp-block-separator has-css-opacity\"\/>\n\n\n\n<div style=\"height:100px\" aria-hidden=\"true\" class=\"wp-block-spacer\"><\/div>\n\n\n\n<h2 class=\"wp-block-heading\">Calendrier des disponibilit\u00e9s du g\u00eete L&rsquo;Entre-Vue<\/h2>\n\n\n\n<figure><div id=\"smoobuApartment2956426fr\" class=\"calendarWidget\"> <div class=\"calendarContent\" data-load-calendar-url=\"https:\/\/login.smoobu.com\/fr\/cockpit\/widget\/single-calendar\/2956426\" data-verification=\"3a58f8d9e29f4a6125ffddfbbc168b361ace532b281ae1a9af9f49095162fa3a\" data-baseUrl=\"https:\/\/login.smoobu.com\" data-disable-css=\"false\" ><\/div> <script type=\"text\/javascript\" src=\"https:\/\/login.smoobu.com\/js\/Apartment\/CalendarWidget.js\"><\/script><\/div><\/figure>\n","protected":false},"excerpt":{"rendered":"<p>Un Cocon sur Deux \u00c9tages L&rsquo;Entre-Vue est un charmant duplex ind\u00e9pendant de 50m2, pouvant accueillir jusqu&rsquo;\u00e0 6 personnes. Id\u00e9al pour&#8230; <a class=\"read-more\" href=\"https:\/\/closduhaslach.com\/?page_id=16\" rel=\"nofollow\"> Read more<\/a><\/p>\n","protected":false},"author":1,"featured_media":0,"parent":0,"menu_order":0,"comment_status":"closed","ping_status":"closed","template":"","meta":{"footnotes":""},"_links":{"self":[{"href":"https:\/\/closduhaslach.com\/index.php?rest_route=\/wp\/v2\/pages\/16"}],"collection":[{"href":"https:\/\/closduhaslach.com\/index.php?rest_route=\/wp\/v2\/pages"}],"about":[{"href":"https:\/\/closduhaslach.com\/index.php?rest_route=\/wp\/v2\/types\/page"}],"author":[{"embeddable":true,"href":"https:\/\/closduhaslach.com\/index.php?rest_route=\/wp\/v2\/users\/1"}],"replies":[{"embeddable":true,"href":"https:\/\/closduhaslach.com\/index.php?rest_route=%2Fwp%2Fv2%2Fcomments&post=16"}],"version-history":[{"count":67,"href":"https:\/\/closduhaslach.com\/index.php?rest_route=\/wp\/v2\/pages\/16\/revisions"}],"predecessor-version":[{"id":1289,"href":"https:\/\/closduhaslach.com\/index.php?rest_route=\/wp\/v2\/pages\/16\/revisions\/1289"}],"wp:attachment":[{"href":"https:\/\/closduhaslach.com\/index.php?rest_route=%2Fwp%2Fv2%2Fmedia&parent=16"}],"curies":[{"name":"wp","href":"https:\/\/api.w.org\/{rel}","templated":true}]}}