{"id":2,"date":"2019-09-10T20:45:17","date_gmt":"2019-09-10T20:45:17","guid":{"rendered":"http:\/\/staging.closduhaslach.com\/?page_id=2"},"modified":"2026-01-07T17:39:29","modified_gmt":"2026-01-07T17:39:29","slug":"sample-page","status":"publish","type":"page","link":"https:\/\/closduhaslach.com\/","title":{"rendered":"Le Clos du Haslach &#8211; D\u00e9couvrez nos g\u00eetes"},"content":{"rendered":"\n<p><\/p>\n\n\n\n<figure class=\"wp-block-image size-large\"><img decoding=\"async\" loading=\"lazy\" width=\"1024\" height=\"473\" src=\"https:\/\/closduhaslach.com\/wp-content\/uploads\/2024\/12\/IMG-20210208-WA0000-1024x473.jpg\" alt=\"\" class=\"wp-image-1161\" srcset=\"https:\/\/closduhaslach.com\/wp-content\/uploads\/2024\/12\/IMG-20210208-WA0000-1024x473.jpg 1024w, https:\/\/closduhaslach.com\/wp-content\/uploads\/2024\/12\/IMG-20210208-WA0000-300x139.jpg 300w, https:\/\/closduhaslach.com\/wp-content\/uploads\/2024\/12\/IMG-20210208-WA0000-768x355.jpg 768w, https:\/\/closduhaslach.com\/wp-content\/uploads\/2024\/12\/IMG-20210208-WA0000-1536x709.jpg 1536w, https:\/\/closduhaslach.com\/wp-content\/uploads\/2024\/12\/IMG-20210208-WA0000.jpg 1600w\" sizes=\"(max-width: 1024px) 100vw, 1024px\" \/><\/figure>\n\n\n\n<p>Le Clos du Haslach est un ensemble de 2 g\u00eetes mitoyens, \u00ab\u00a0l&rsquo;Entre-Vue\u00a0\u00bb et \u00ab\u00a0le Panoramique\u00a0\u00bb situ\u00e9 \u00e0 proximit\u00e9 de la route des vins \u00e0 Niederhaslach en Alsace, \u00e0 30 minutes de Strasbourg et 50 minutes de Colmar par l&rsquo;autoroute. Ils peuvent \u00eatre lou\u00e9s ensemble ou s\u00e9par\u00e9ment. Capacit\u00e9 maximum 15 personnes.<\/p>\n\n\n\n<p><strong>Claire et Jonathan Scherrer vous attendent pour vous offrir le meilleur s\u00e9jour possible dans le pittoresque village de Niederhaslach.<\/strong><br>En plus de l&rsquo;alsacien, ils sont bilingues fran\u00e7ais\/anglais. Ils se feront une joie de vous accueillir au sein de leur r\u00e9gion natale.<\/p>\n\n\n\n<div style=\"height:100px\" aria-hidden=\"true\" class=\"wp-block-spacer\"><\/div>\n\n\n\n<h2 class=\"wp-block-heading\">Vos h\u00f4tes<\/h2>\n\n\n\n<div class=\"wp-block-media-text alignwide is-stacked-on-mobile is-vertically-aligned-center\" style=\"grid-template-columns:23% auto\"><figure class=\"wp-block-media-text__media\"><img decoding=\"async\" loading=\"lazy\" width=\"1024\" height=\"683\" src=\"https:\/\/closduhaslach.com\/wp-content\/uploads\/2026\/01\/59891B6B-3F82-4F81-8BE4-C6B24B59A2B2-1024x683.jpeg\" alt=\"\" class=\"wp-image-1280 size-full\" srcset=\"https:\/\/closduhaslach.com\/wp-content\/uploads\/2026\/01\/59891B6B-3F82-4F81-8BE4-C6B24B59A2B2-1024x683.jpeg 1024w, https:\/\/closduhaslach.com\/wp-content\/uploads\/2026\/01\/59891B6B-3F82-4F81-8BE4-C6B24B59A2B2-300x200.jpeg 300w, https:\/\/closduhaslach.com\/wp-content\/uploads\/2026\/01\/59891B6B-3F82-4F81-8BE4-C6B24B59A2B2-768x512.jpeg 768w, https:\/\/closduhaslach.com\/wp-content\/uploads\/2026\/01\/59891B6B-3F82-4F81-8BE4-C6B24B59A2B2-1536x1024.jpeg 1536w, https:\/\/closduhaslach.com\/wp-content\/uploads\/2026\/01\/59891B6B-3F82-4F81-8BE4-C6B24B59A2B2-2048x1365.jpeg 2048w\" sizes=\"(max-width: 1024px) 100vw, 1024px\" \/><\/figure><div class=\"wp-block-media-text__content\">\n<blockquote class=\"wp-block-quote is-style-large\">\n<p>\u00ab\u00a0On se r\u00e9jouit de vous accueillir ! Vous ne serez pas d\u00e9\u00e7u !\u00a0\u00bb<\/p>\n<cite><em>Claire &amp; Jonathan<\/em><\/cite><\/blockquote>\n<\/div><\/div>\n\n\n\n<p class=\"has-text-align-center has-very-dark-gray-color has-text-color\" style=\"font-size:22px\">POUR RESERVER :<\/p>\n\n\n\n<p>Contactez-nous par mail : contact@closduhaslach.com ou par t\u00e9l\u00e9phone : 06 71 23 39 63<\/p>\n\n\n\n<p>DEVIS et DISPONIBILITES sur simple demande sans engagement. R\u00e9ponse rapide.<\/p>\n\n\n\n<p>Ensuite, si vous le souhaitez nous vous envoyons un contrat d\u00e9taill\u00e9 \u00e0 nous retourner sign\u00e9 accompagn\u00e9 de 10% d&rsquo;arrhes.<\/p>\n\n\n\n<p><\/p>\n\n\n\n<p class=\"has-text-align-center\">Au plaisir de vous accueillir bient\u00f4t !<\/p>\n\n\n\n<p><\/p>\n\n\n\n<div style=\"height:100px\" aria-hidden=\"true\" class=\"wp-block-spacer\"><\/div>\n\n\n\n<div class=\"wp-block-columns has-2-columns is-layout-flex wp-container-3 wp-block-columns-is-layout-flex\">\n<div class=\"wp-block-column is-layout-flow wp-block-column-is-layout-flow\">\n<h2 class=\"wp-block-heading\">L&rsquo;Entre-Vue<\/h2>\n\n\n\n<figure class=\"wp-block-image\"><img decoding=\"async\" loading=\"lazy\" width=\"1024\" height=\"683\" src=\"http:\/\/staging.closduhaslach.com\/wp-content\/uploads\/2019\/11\/maison_entrevue-1024x683.jpg\" alt=\"\" class=\"wp-image-38\" srcset=\"https:\/\/closduhaslach.com\/wp-content\/uploads\/2019\/11\/maison_entrevue-1024x683.jpg 1024w, https:\/\/closduhaslach.com\/wp-content\/uploads\/2019\/11\/maison_entrevue-300x200.jpg 300w, https:\/\/closduhaslach.com\/wp-content\/uploads\/2019\/11\/maison_entrevue-768x512.jpg 768w, https:\/\/closduhaslach.com\/wp-content\/uploads\/2019\/11\/maison_entrevue-1568x1045.jpg 1568w\" sizes=\"(max-width: 1024px) 100vw, 1024px\" \/><\/figure>\n\n\n\n<p>Maison de 50m\u00b2 environ pour 4 personnes (maximum 5) avec pi\u00e8ce \u00e0 vivre et salle de douche au rez-de-chauss\u00e9e et 2 chambres \u00e0 l&rsquo;\u00e9tage. A proximit\u00e9  de la for\u00eat !<\/p>\n\n\n\n<div class=\"wp-block-button aligncenter\"><a class=\"wp-block-button__link wp-element-button\" href=\"https:\/\/closduhaslach.com\/?page_id=16\" target=\"_blank\" rel=\"noreferrer noopener\">D\u00e9couvrir &gt;&gt;<\/a><\/div>\n<\/div>\n\n\n\n<div class=\"wp-block-column is-layout-flow wp-block-column-is-layout-flow\">\n<h2 class=\"wp-block-heading\">Le Panoramique<\/h2>\n\n\n\n<figure class=\"wp-block-image\"><img decoding=\"async\" loading=\"lazy\" width=\"1024\" height=\"683\" src=\"http:\/\/staging.closduhaslach.com\/wp-content\/uploads\/2019\/11\/maison_panoramique1-1024x683.jpg\" alt=\"\" class=\"wp-image-39\" srcset=\"https:\/\/closduhaslach.com\/wp-content\/uploads\/2019\/11\/maison_panoramique1-1024x683.jpg 1024w, https:\/\/closduhaslach.com\/wp-content\/uploads\/2019\/11\/maison_panoramique1-300x200.jpg 300w, https:\/\/closduhaslach.com\/wp-content\/uploads\/2019\/11\/maison_panoramique1-768x512.jpg 768w, https:\/\/closduhaslach.com\/wp-content\/uploads\/2019\/11\/maison_panoramique1-1568x1045.jpg 1568w\" sizes=\"(max-width: 1024px) 100vw, 1024px\" \/><\/figure>\n\n\n\n<p>Maison de 120m\u00b2 environ pour 7 personnes. De plain pied avec salon TV, salle \u00e0 manger, cuisine ouverte, 3 chambres et 3 salles d&rsquo;eau avec douches \u00e0 l&rsquo;italienne. Grande terrasse avec vue magnifique !<\/p>\n\n\n\n<div class=\"wp-block-button aligncenter\"><a class=\"wp-block-button__link wp-element-button\" href=\"https:\/\/closduhaslach.com\/?page_id=18\" target=\"_blank\" rel=\"noreferrer noopener\">D\u00e9couvrir &gt;&gt;<\/a><\/div>\n<\/div>\n<\/div>\n\n\n\n<p><\/p>\n","protected":false},"excerpt":{"rendered":"<p>Le Clos du Haslach est un ensemble de 2 g\u00eetes mitoyens, \u00ab\u00a0l&rsquo;Entre-Vue\u00a0\u00bb et \u00ab\u00a0le Panoramique\u00a0\u00bb situ\u00e9 \u00e0 proximit\u00e9 de la&#8230; <a class=\"read-more\" href=\"https:\/\/closduhaslach.com\/\" rel=\"nofollow\"> Read more<\/a><\/p>\n","protected":false},"author":1,"featured_media":0,"parent":0,"menu_order":0,"comment_status":"closed","ping_status":"open","template":"","meta":{"footnotes":""},"_links":{"self":[{"href":"https:\/\/closduhaslach.com\/index.php?rest_route=\/wp\/v2\/pages\/2"}],"collection":[{"href":"https:\/\/closduhaslach.com\/index.php?rest_route=\/wp\/v2\/pages"}],"about":[{"href":"https:\/\/closduhaslach.com\/index.php?rest_route=\/wp\/v2\/types\/page"}],"author":[{"embeddable":true,"href":"https:\/\/closduhaslach.com\/index.php?rest_route=\/wp\/v2\/users\/1"}],"replies":[{"embeddable":true,"href":"https:\/\/closduhaslach.com\/index.php?rest_route=%2Fwp%2Fv2%2Fcomments&post=2"}],"version-history":[{"count":33,"href":"https:\/\/closduhaslach.com\/index.php?rest_route=\/wp\/v2\/pages\/2\/revisions"}],"predecessor-version":[{"id":1281,"href":"https:\/\/closduhaslach.com\/index.php?rest_route=\/wp\/v2\/pages\/2\/revisions\/1281"}],"wp:attachment":[{"href":"https:\/\/closduhaslach.com\/index.php?rest_route=%2Fwp%2Fv2%2Fmedia&parent=2"}],"curies":[{"name":"wp","href":"https:\/\/api.w.org\/{rel}","templated":true}]}}